{"id":34,"date":"2017-06-15T02:43:11","date_gmt":"2017-06-14T19:43:11","guid":{"rendered":"http:\/\/wordpresslms.wpengine.com\/demo-2\/?page_id=34"},"modified":"2022-12-15T12:14:59","modified_gmt":"2022-12-15T11:14:59","slug":"contact","status":"publish","type":"page","link":"https:\/\/wetic.be\/en\/contact\/","title":{"rendered":"Contact"},"content":{"rendered":"<div class=\"vc_row wpb_row vc_row-fluid\"><div class=\"wpb_column vc_column_container vc_col-sm-12\"><div class=\"vc_column-inner\"><div class=\"wpb_wrapper\"><div\n        class=\"thim-sc-heading text-center layout-2\">\n    <div class=\"heading-content\">\n\n\t\t\n\t\t<h3 class=\"primary-heading\">Contactez-Nous<\/h3>    <\/div>\n\t        <p class=\"secondary-heading\">\n\t\t\tVotre adresse email ne sera pas publi\u00e9e. Les champs requis sont indiqu\u00e9s.        <\/p>\n\t\t        <span class=\"underline\"><\/span>\n\t<\/div>\n<\/div><\/div><\/div><\/div><div class=\"vc_row wpb_row vc_row-fluid\"><div class=\"wpb_column vc_column_container vc_col-sm-12\"><div class=\"vc_column-inner\"><div class=\"wpb_wrapper\"><div role=\"form\" class=\"wpcf7\" id=\"wpcf7-f56-o1\" lang=\"en-US\" dir=\"ltr\">\n<div class=\"screen-reader-response\"><p role=\"status\" aria-live=\"polite\" aria-atomic=\"true\"><\/p> <ul><\/ul><\/div>\n<form action=\"\/en\/wp-json\/wp\/v2\/pages\/34#wpcf7-f56-o1\" method=\"post\" class=\"wpcf7-form init\" novalidate=\"novalidate\" data-status=\"init\" data-trp-original-action=\"\/en\/wp-json\/wp\/v2\/pages\/34#wpcf7-f56-o1\">\n<div style=\"display: none;\">\n<input type=\"hidden\" name=\"_wpcf7\" value=\"56\" \/>\n<input type=\"hidden\" name=\"_wpcf7_version\" value=\"5.5.6.1\" \/>\n<input type=\"hidden\" name=\"_wpcf7_locale\" value=\"en_US\" \/>\n<input type=\"hidden\" name=\"_wpcf7_unit_tag\" value=\"wpcf7-f56-o1\" \/>\n<input type=\"hidden\" name=\"_wpcf7_container_post\" value=\"0\" \/>\n<input type=\"hidden\" name=\"_wpcf7_posted_data_hash\" value=\"\" \/>\n<input type=\"hidden\" name=\"_wpcf7_recaptcha_response\" value=\"\" \/>\n<\/div>\n<div class=\"row\">\n<div class=\"col-xs-12 col-sm-6\">\n<span class=\"wpcf7-form-control-wrap your-name\"><input type=\"text\" name=\"your-name\" value=\"\" size=\"40\" class=\"wpcf7-form-control wpcf7-text wpcf7-validates-as-required\" aria-required=\"true\" aria-invalid=\"false\" placeholder=\"Nom et Pr\u00e9nom *\" \/><\/span><br \/>\n<span class=\"wpcf7-form-control-wrap your-email\"><input type=\"email\" name=\"your-email\" value=\"\" size=\"40\" class=\"wpcf7-form-control wpcf7-text wpcf7-email wpcf7-validates-as-required wpcf7-validates-as-email\" aria-required=\"true\" aria-invalid=\"false\" placeholder=\"Email *\" \/><\/span><br \/>\n<span class=\"wpcf7-form-control-wrap your-subject\"><input type=\"text\" name=\"your-subject\" value=\"\" size=\"40\" class=\"wpcf7-form-control wpcf7-text wpcf7-validates-as-required\" aria-required=\"true\" aria-invalid=\"false\" placeholder=\"Sujet *\" \/><\/span>\n<\/div>\n<div class=\"col-xs-12 col-sm-6\">\n<span class=\"wpcf7-form-control-wrap your-message\"><textarea name=\"your-message\" cols=\"40\" rows=\"10\" class=\"wpcf7-form-control wpcf7-textarea wpcf7-validates-as-required\" aria-required=\"true\" aria-invalid=\"false\" placeholder=\"Message *\"><\/textarea><\/span>\n<\/div>\n<\/div>\n<div id=\"cf7sr-69dc340e709b6\" class=\"cf7sr-g-recaptcha\" data-sitekey=\"6LfsNY4aAAAAAKVFW11UpzKaaQdXgxgRGnOZ7Mp6\"><\/div><span class=\"wpcf7-form-control-wrap cf7sr-recaptcha\" data-name=\"cf7sr-recaptcha\"><input type=\"hidden\" name=\"cf7sr-recaptcha\" value=\"\" class=\"wpcf7-form-control\"><\/span><\/p>\n<div class=\"heading-button\">\n<input type=\"submit\" value=\"Envoyer\" class=\"wpcf7-form-control has-spinner wpcf7-submit\" \/>\n<\/div>\n<div class=\"wpcf7-response-output\" aria-hidden=\"true\"><\/div><input type=\"hidden\" name=\"trp-form-language\" value=\"en\"\/><\/form><\/div><\/div><\/div><\/div><\/div><div class=\"vc_row wpb_row vc_row-fluid thim-testimonials vc_custom_1570699702878\"><div class=\"wpb_column vc_column_container vc_col-sm-6\"><div class=\"vc_column-inner\"><div class=\"wpb_wrapper\">\n\t<div  class=\"wpb_single_image wpb_content_element vc_align_right\">\n\t\t\n\t\t<figure class=\"wpb_wrapper vc_figure\">\n\t\t\t<div class=\"vc_single_image-wrapper   vc_box_border_grey\"><img width=\"542\" height=\"507\" src=\"https:\/\/wetic.be\/wp-content\/uploads\/2017\/06\/layer-23.png\" class=\"vc_single_image-img attachment-full\" alt=\"\" loading=\"lazy\" srcset=\"https:\/\/wetic.be\/wp-content\/uploads\/2017\/06\/layer-23.png 542w, https:\/\/wetic.be\/wp-content\/uploads\/2017\/06\/layer-23-300x281.png 300w, https:\/\/wetic.be\/wp-content\/uploads\/2017\/06\/layer-23-13x12.png 13w\" sizes=\"(max-width: 542px) 100vw, 542px\" \/><\/div>\n\t\t<\/figure>\n\t<\/div>\n<\/div><\/div><\/div><div class=\"wpb_column vc_column_container vc_col-sm-6\"><div class=\"vc_column-inner\"><div class=\"wpb_wrapper\"><div class=\"thim-sc-testimonials layout-3\">\n\t<div class=\"slider-container\">\n\t<div class=\"slider owl-carousel owl-theme\">\n\t\t\t\t\t<div class=\"item\">\n\t\t\t\t<div class=\"content\">\n\t\t\t\t\tJe remercie Mounir pour son investissement sans\nfaille, son \u00e9nergie, sa bonne humeur, son adaptation\npermanente \u00e0 chacun d&#039;entre nous, et surtout ses\ncomp\u00e9tences de d\u00e9veloppeur et de formateur.\t\t\t\t<\/div>\n\t\t\t\t<div class=\"user-info\">\n\n\t\t\t\t\t\t\t\t\t\t\t<div class=\"image\">\n\t\t\t\t\t\t\t<img width=\"70\" height=\"70\"  src=\"https:\/\/wetic.be\/wp-content\/uploads\/2019\/10\/image-70x70.png\" alt=\"Isabelle Passeniers\" class=\"\">\t\t\t\t\t\t<\/div>\n\t\t\t\t\t\t\t\t\t\t\t\t\t\t\t\tIsabelle Passeniers | \t\t\t\t\t\t\t\t\t\t<span class=\"regency\">D\u00e9veloppeur JAVA\/JEE fullstack chez M2i Formation<\/span>\n\n\t\t\t\t\t\t\t\t\t\t\t\t<div class=\"thim-sc-social-links\">\n\t\t\t\t\t\t\t\t<ul class=\"socials\">\n\t\t\t\t\t\t\t\t\t\t\t\t\t\t\t\t\t\t\t\t\t\t\t\t\t\t<\/ul>\n\t\t\t\t\t\t\t<\/div>\n\t\t\t\t\t\t\t\t\t\t\t\t\t\t\t<\/div>\n\t\t\t<\/div>\n\t\t\t\t\t<div class=\"item\">\n\t\t\t\t<div class=\"content\">\n\t\t\t\t\tMerci \u00e0 vous Mounir pour le savoir que vous avez transmis \u00e0 cette promotion. Vos enseignements permettront \u00e0 chacun(e) d&#039;investir ce beau domaine qu&#039;est l&#039;informatique.\n\nBelle route \u00e0 cette promotion.\t\t\t\t<\/div>\n\t\t\t\t<div class=\"user-info\">\n\n\t\t\t\t\t\t\t\t\t\t\t<div class=\"image\">\n\t\t\t\t\t\t\t<img width=\"70\" height=\"70\"  src=\"https:\/\/wetic.be\/wp-content\/uploads\/2019\/10\/0-1-5-70x70.jpg\" alt=\"T\u00e9moignages Mounia HAMEL\" class=\"\">\t\t\t\t\t\t<\/div>\n\t\t\t\t\t\t\t\t\t\t\t\t\t\t\t\tMounia HAMEL | \t\t\t\t\t\t\t\t\t\t<span class=\"regency\">Charg\u00e9e de Recrutement<\/span>\n\n\t\t\t\t\t\t\t\t\t\t\t\t<div class=\"thim-sc-social-links\">\n\t\t\t\t\t\t\t\t<ul class=\"socials\">\n\t\t\t\t\t\t\t\t\t\t\t\t\t\t\t\t\t\t\t\t\t\t\t\t\t\t\t\t\t\t\t\t\t\t\t<\/ul>\n\t\t\t\t\t\t\t<\/div>\n\t\t\t\t\t\t\t\t\t\t\t\t\t\t\t<\/div>\n\t\t\t<\/div>\n\t\t\t\t\t<div class=\"item\">\n\t\t\t\t<div class=\"content\">\n\t\t\t\t\tUne super exp\u00e9rience, un groupe et un formateur au top ! Mounir a su associer la th\u00e9orie et la pratique pour mettre au maximum \u00e0 profit le temps qui nous \u00e9tait imparti, et il a su s&#039;adapter \u00e0 tous les niveaux pour que nous ayons tous une bonne compr\u00e9hension et une bonne mont\u00e9e en comp\u00e9tence.\t\t\t\t<\/div>\n\t\t\t\t<div class=\"user-info\">\n\n\t\t\t\t\t\t\t\t\t\t\t<div class=\"image\">\n\t\t\t\t\t\t\t<img width=\"70\" height=\"70\"  src=\"https:\/\/wetic.be\/wp-content\/uploads\/2019\/10\/Albin-Robert-70x70.jpg\" alt=\"T\u00e9moignages Albin Robert\" class=\"\">\t\t\t\t\t\t<\/div>\n\t\t\t\t\t\t\t\t\t\t\t\t\t\t\t\tAlbin Robert | \t\t\t\t\t\t\t\t\t\t<span class=\"regency\">D\u00e9veloppeur Java chez OPEN<\/span>\n\n\t\t\t\t\t\t\t\t\t\t\t\t<div class=\"thim-sc-social-links\">\n\t\t\t\t\t\t\t\t<ul class=\"socials\">\n\t\t\t\t\t\t\t\t\t\t\t\t\t\t\t\t\t\t\t\t\t\t\t\t\t\t<\/ul>\n\t\t\t\t\t\t\t<\/div>\n\t\t\t\t\t\t\t\t\t\t\t\t\t\t\t<\/div>\n\t\t\t<\/div>\n\t\t\t<\/div>\n<\/div><\/div>\n<\/div><\/div><\/div><\/div><div data-vc-full-width=\"true\" data-vc-full-width-init=\"false\" class=\"vc_row wpb_row vc_row-fluid vc_custom_1570699607742 vc_row-has-fill\"><div class=\"wpb_column vc_column_container vc_col-sm-12\"><div class=\"vc_column-inner\"><div class=\"wpb_wrapper\"><div class=\"vc_row wpb_row vc_inner vc_row-fluid thim-max-width-lg\"><div class=\"wpb_column vc_column_container vc_col-sm-4\"><div class=\"vc_column-inner\"><div class=\"wpb_wrapper\">\n<div\n        class=\"thim-sc-icon-box  layout-5 style_kit\">\n\t    <div class=\"icon-box-wrapper\" style=\"\">\n\t\t            <div class=\"box-icon\" style=\"background-color: ;\">\n\t\t\t\t<i class=\"icon-ionicons ion-ios-location\" aria-hidden=\"true\"><\/i>            <\/div>\n\t\t        <div class=\"box-content\">\n\t\t\t                <h3 class=\"title\">\n\t\t\t\t\tNOTRE EMPLACEMENT                <\/h3>\n\t\t\t\t\t\t                <div class=\"description\">\n\t\t\t\t\t<p>Quai sur meuse 19 4000,<br \/>\nLi\u00e8ge Belgique.<\/p>\n                <\/div>\n\t\t\t        <\/div>\n    <\/div>\n\t<\/div>\n\n\n<\/div><\/div><\/div><div class=\"wpb_column vc_column_container vc_col-sm-4\"><div class=\"vc_column-inner\"><div class=\"wpb_wrapper\">\n<div\n        class=\"thim-sc-icon-box  layout-5 style_kit\">\n\t    <div class=\"icon-box-wrapper\" style=\"\">\n\t\t            <div class=\"box-icon\" style=\"background-color: ;\">\n\t\t\t\t<i class=\"icon-ionicons ion-android-call\" aria-hidden=\"true\"><\/i>            <\/div>\n\t\t        <div class=\"box-content\">\n\t\t\t                <h3 class=\"title\">\n\t\t\t\t\tCONTACTEZ-NOUS                <\/h3>\n\t\t\t\t\t\t                <div class=\"description\">\n\t\t\t\t\t<p>Mobile:<a href=\"tel:+32497722741\"> +32 497 72 27 41<\/a><\/p>\n                <\/div>\n\t\t\t        <\/div>\n    <\/div>\n\t<\/div>\n\n\n<\/div><\/div><\/div><div class=\"wpb_column vc_column_container vc_col-sm-4\"><div class=\"vc_column-inner\"><div class=\"wpb_wrapper\">\n<div\n        class=\"thim-sc-icon-box  layout-5 style_kit\">\n\t    <div class=\"icon-box-wrapper\" style=\"\">\n\t\t            <div class=\"box-icon\" style=\"background-color: ;\">\n\t\t\t\t<i class=\"icon-ionicons ion-paper-airplane\" aria-hidden=\"true\"><\/i>            <\/div>\n\t\t        <div class=\"box-content\">\n\t\t\t                <h3 class=\"title\">\n\t\t\t\t\tEmail                <\/h3>\n\t\t\t\t\t\t                <div class=\"description\">\n\t\t\t\t\t<p><a href=\"mailto:contact@digitar.be\">contact@digitar.be<\/a><\/p>\n                <\/div>\n\t\t\t        <\/div>\n    <\/div>\n\t<\/div>\n\n\n<\/div><\/div><\/div><\/div><\/div><\/div><\/div><\/div><div class=\"vc_row-full-width vc_clearfix\"><\/div>","protected":false},"excerpt":{"rendered":"Contactez-Nous Votre adresse email ne sera pas publi\u00e9e. Les champs requis sont indiqu\u00e9s. Je remercie Mounir pour son investissement sans...","protected":false},"author":76,"featured_media":0,"parent":0,"menu_order":0,"comment_status":"closed","ping_status":"closed","template":"","meta":{"om_disable_all_campaigns":false,"_monsterinsights_skip_tracking":false,"_monsterinsights_sitenote_active":false,"_monsterinsights_sitenote_note":"","_monsterinsights_sitenote_category":0},"yoast_head":"<!-- This site is optimized with the Yoast SEO plugin v18.4.1 - https:\/\/yoast.com\/wordpress\/plugins\/seo\/ -->\n<title>Contact - Wetic | Formations IT<\/title>\n<meta name=\"robots\" content=\"index, follow, max-snippet:-1, max-image-preview:large, max-video-preview:-1\" \/>\n<link rel=\"canonical\" href=\"https:\/\/wetic.be\/en\/contact\/\" \/>\n<meta property=\"og:locale\" content=\"en_US\" \/>\n<meta property=\"og:type\" content=\"article\" \/>\n<meta property=\"og:title\" content=\"Contact - Wetic | Formations IT\" \/>\n<meta property=\"og:url\" content=\"https:\/\/wetic.be\/en\/contact\/\" \/>\n<meta property=\"og:site_name\" content=\"Wetic | Formations IT\" \/>\n<meta property=\"article:modified_time\" content=\"2022-12-15T11:14:59+00:00\" \/>\n<meta name=\"twitter:card\" content=\"summary_large_image\" \/>\n<meta name=\"twitter:label1\" content=\"Est. reading time\" \/>\n\t<meta name=\"twitter:data1\" content=\"1 minute\" \/>\n<!-- \/ Yoast SEO plugin. -->","yoast_head_json":{"title":"Contact - Wetic | Formations IT","robots":{"index":"index","follow":"follow","max-snippet":"max-snippet:-1","max-image-preview":"max-image-preview:large","max-video-preview":"max-video-preview:-1"},"canonical":"https:\/\/wetic.be\/en\/contact\/","og_locale":"en_US","og_type":"article","og_title":"Contact - Wetic | Formations IT","og_url":"https:\/\/wetic.be\/en\/contact\/","og_site_name":"Wetic | Formations IT","article_modified_time":"2022-12-15T11:14:59+00:00","twitter_card":"summary_large_image","twitter_misc":{"Est. reading time":"1 minute"},"schema":{"@context":"https:\/\/schema.org","@graph":[{"@type":"WebSite","@id":"https:\/\/wetic.be\/#website","url":"https:\/\/wetic.be\/","name":"Wetic | Formations IT","description":"Nous pratiques quotidiennement ce que nous proposons comme formations.","potentialAction":[{"@type":"SearchAction","target":{"@type":"EntryPoint","urlTemplate":"https:\/\/wetic.be\/?s={search_term_string}"},"query-input":"required name=search_term_string"}],"inLanguage":"en-US"},{"@type":"WebPage","@id":"https:\/\/wetic.be\/contact\/#webpage","url":"https:\/\/wetic.be\/contact\/","name":"Contact - Wetic | Formations IT","isPartOf":{"@id":"https:\/\/wetic.be\/#website"},"datePublished":"2017-06-14T19:43:11+00:00","dateModified":"2022-12-15T11:14:59+00:00","breadcrumb":{"@id":"https:\/\/wetic.be\/contact\/#breadcrumb"},"inLanguage":"en-US","potentialAction":[{"@type":"ReadAction","target":["https:\/\/wetic.be\/contact\/"]}]},{"@type":"BreadcrumbList","@id":"https:\/\/wetic.be\/contact\/#breadcrumb","itemListElement":[{"@type":"ListItem","position":1,"name":"Home","item":"https:\/\/wetic.be\/"},{"@type":"ListItem","position":2,"name":"Contact"}]}]}},"amp_enabled":true,"_links":{"self":[{"href":"https:\/\/wetic.be\/en\/wp-json\/wp\/v2\/pages\/34"}],"collection":[{"href":"https:\/\/wetic.be\/en\/wp-json\/wp\/v2\/pages"}],"about":[{"href":"https:\/\/wetic.be\/en\/wp-json\/wp\/v2\/types\/page"}],"author":[{"embeddable":true,"href":"https:\/\/wetic.be\/en\/wp-json\/wp\/v2\/users\/76"}],"replies":[{"embeddable":true,"href":"https:\/\/wetic.be\/en\/wp-json\/wp\/v2\/comments?post=34"}],"version-history":[{"count":30,"href":"https:\/\/wetic.be\/en\/wp-json\/wp\/v2\/pages\/34\/revisions"}],"predecessor-version":[{"id":26992,"href":"https:\/\/wetic.be\/en\/wp-json\/wp\/v2\/pages\/34\/revisions\/26992"}],"wp:attachment":[{"href":"https:\/\/wetic.be\/en\/wp-json\/wp\/v2\/media?parent=34"}],"curies":[{"name":"wp","href":"https:\/\/api.w.org\/{rel}","templated":true}]}}